{"id":106,"date":"2025-10-10T19:34:15","date_gmt":"2025-10-10T17:34:15","guid":{"rendered":"https:\/\/silesiahealthacademy.blaszczykartur.pl\/?page_id=106"},"modified":"2025-10-18T13:41:30","modified_gmt":"2025-10-18T11:41:30","slug":"vinno-team","status":"publish","type":"page","link":"https:\/\/silesiahealthacademy.blaszczykartur.pl\/?page_id=106","title":{"rendered":"Vinno Team"},"content":{"rendered":"\t\t<div data-elementor-type=\"wp-page\" data-elementor-id=\"106\" class=\"elementor elementor-106\" data-elementor-post-type=\"page\">\n\t\t\t\t\t\t<section data-particle_enable=\"true\" class=\"eael-section-particles-45f9366 elementor-section elementor-top-section elementor-element elementor-element-45f9366 elementor-section-full_width elementor-section-height-full elementor-section-content-middle elementor-section-stretched elementor-section-height-default elementor-section-items-middle\" data-eael_ptheme_source=\"presets\" data-preset_theme=\"default\" data-custom_style=\"\" data-particle_opacity=\"0.5\" data-particle_speed=\"4\" data-particle-mobile-disabled=\"false\" data-id=\"45f9366\" data-element_type=\"section\" data-settings=\"{&quot;stretch_section&quot;:&quot;section-stretched&quot;}\">\n\t\t\t\t\t\t\t<div class=\"elementor-background-overlay\"><\/div>\n\t\t\t\t\t\t\t<div class=\"elementor-container elementor-column-gap-default\">\n\t\t\t\t\t<div class=\"elementor-column elementor-col-100 elementor-top-column elementor-element elementor-element-8a9e747\" data-id=\"8a9e747\" data-element_type=\"column\">\n\t\t\t<div class=\"elementor-widget-wrap elementor-element-populated\">\n\t\t\t\t\t\t<div class=\"elementor-element elementor-element-befa1ee elementor-widget elementor-widget-heading\" data-id=\"befa1ee\" data-element_type=\"widget\" data-widget_type=\"heading.default\">\n\t\t\t\t\t<h2 class=\"elementor-heading-title elementor-size-default\">VINNO Team<\/h2>\t\t\t\t<\/div>\n\t\t\t\t<div class=\"elementor-element elementor-element-e43da7a elementor-widget-divider--view-line elementor-widget elementor-widget-divider\" data-id=\"e43da7a\" data-element_type=\"widget\" data-widget_type=\"divider.default\">\n\t\t\t\t\t\t\t<div class=\"elementor-divider\">\n\t\t\t<span class=\"elementor-divider-separator\">\n\t\t\t\t\t\t<\/span>\n\t\t<\/div>\n\t\t\t\t\t\t<\/div>\n\t\t\t\t<div class=\"elementor-element elementor-element-2432caf elementor-widget__width-initial elementor-widget elementor-widget-text-editor\" data-id=\"2432caf\" data-element_type=\"widget\" data-widget_type=\"text-editor.default\">\n\t\t\t\t\t\t\t\t\t<div class=\"et_pb_module et_pb_text et_pb_text_1 et_pb_text_align_center et_pb_bg_layout_light\">Eksperci, kt\u00f3rzy dziel\u0105 si\u0119 do\u015bwiadczeniem. <span style=\"font-size: 16px;\">Poznaj zesp\u00f3\u0142 szkoleniowy Silesia Health Academy \u2013 specjalist\u00f3w, kt\u00f3rzy \u0142\u0105cz\u0105 pasj\u0119 do ultrasonografii z praktyk\u0105 kliniczn\u0105.<\/span><\/div>\t\t\t\t\t\t\t\t<\/div>\n\t\t\t\t\t\t\t<div data-eael_duration=\"{&quot;transitionDuration&quot;:1000}\" data-eael_easing=\"{&quot;transitionEasing&quot;:&quot;ease&quot;}\" data-eael_hover_duration=\"{&quot;transitionDuration&quot;:1000}\" data-eael_hover_easing=\"{&quot;transitionEasing&quot;:&quot;ease&quot;}\" class=\"eael_hover_effect elementor-element elementor-element-59dc893 elementor-align-center elementor-widget elementor-widget-button\" data-id=\"59dc893\" data-element_type=\"widget\" data-settings=\"{&quot;eael_hover_effect_general_settings_easing&quot;:&quot;ease&quot;,&quot;eael_hover_effect_general_settings_hover_easing&quot;:&quot;ease&quot;}\" data-widget_type=\"button.default\">\n\t\t\t\t\t\t\t\t\t\t<a class=\"elementor-button elementor-button-link elementor-size-sm\" href=\"#kontakt-formularz\">\n\t\t\t\t\t\t<span class=\"elementor-button-content-wrapper\">\n\t\t\t\t\t\t<span class=\"elementor-button-icon\">\n\t\t\t\t<svg aria-hidden=\"true\" class=\"e-font-icon-svg e-fas-arrow-circle-down\" viewBox=\"0 0 512 512\" xmlns=\"http:\/\/www.w3.org\/2000\/svg\"><path d=\"M504 256c0 137-111 248-248 248S8 393 8 256 119 8 256 8s248 111 248 248zm-143.6-28.9L288 302.6V120c0-13.3-10.7-24-24-24h-16c-13.3 0-24 10.7-24 24v182.6l-72.4-75.5c-9.3-9.7-24.8-9.9-34.3-.4l-10.9 11c-9.4 9.4-9.4 24.6 0 33.9L239 404.3c9.4 9.4 24.6 9.4 33.9 0l132.7-132.7c9.4-9.4 9.4-24.6 0-33.9l-10.9-11c-9.5-9.5-25-9.3-34.3.4z\"><\/path><\/svg>\t\t\t<\/span>\n\t\t\t\t\t\t\t\t\t<span class=\"elementor-button-text\">Dowiedz si\u0119 wi\u0119cej<\/span>\n\t\t\t\t\t<\/span>\n\t\t\t\t\t<\/a>\n\t\t\t\t\t\t\t\t<\/div>\n\t\t\t\t\t<\/div>\n\t\t<\/div>\n\t\t\t\t\t<\/div>\n\t\t<\/section>\n\t\t            <style>\n                .elementor-element-45f9366.eael-particles-section > canvas {\n                    z-index: -1;\n                    position: absolute;\n                    top:0;\n                }\n            <\/style>\n        \t\t<section data-particle_enable=\"false\" data-particle-mobile-disabled=\"false\" class=\"elementor-section elementor-top-section elementor-element elementor-element-a28a6e3 elementor-section-full_width elementor-section-stretched elementor-section-height-default elementor-section-height-default\" data-id=\"a28a6e3\" data-element_type=\"section\" data-settings=\"{&quot;stretch_section&quot;:&quot;section-stretched&quot;,&quot;background_background&quot;:&quot;classic&quot;}\">\n\t\t\t\t\t\t\t<div class=\"elementor-background-overlay\"><\/div>\n\t\t\t\t\t\t\t<div class=\"elementor-container elementor-column-gap-default\">\n\t\t\t\t\t<div class=\"elementor-column elementor-col-100 elementor-top-column elementor-element elementor-element-4d32713\" data-id=\"4d32713\" data-element_type=\"column\" data-settings=\"{&quot;background_background&quot;:&quot;classic&quot;}\">\n\t\t\t<div class=\"elementor-widget-wrap elementor-element-populated\">\n\t\t\t\t\t\t<div class=\"elementor-element elementor-element-8daf57c elementor-widget elementor-widget-heading\" data-id=\"8daf57c\" data-element_type=\"widget\" data-widget_type=\"heading.default\">\n\t\t\t\t\t<h2 class=\"elementor-heading-title elementor-size-default\">Poznaj nasz zesp\u00f3\u0142<\/h2>\t\t\t\t<\/div>\n\t\t\t\t<div class=\"elementor-element elementor-element-8bdd569 elementor-widget elementor-widget-ucaddon_cover_flow_carousel\" data-id=\"8bdd569\" data-element_type=\"widget\" data-widget_type=\"ucaddon_cover_flow_carousel.default\">\n\t\t\t\t<div class=\"elementor-widget-container\">\n\t\t\t\t\t\n<!-- start Coverflow Carousel -->\n\t\t<link id='uc_ac_assets_file_jquery_flipster_css_16350-css' href='https:\/\/silesiahealthacademy.blaszczykartur.pl\/wp-content\/uploads\/ac_assets\/cover_flow_carousel\/jquery.flipster.css' type='text\/css' rel='stylesheet' >\n\n<style>\/* widget: Coverflow Carousel *\/\n\n#uc_cover_flow_carousel_elementor_8bdd569{\n  display: none;\n  min-height: 1px;\n}\n\n#uc_cover_flow_carousel_elementor_8bdd569 .flipster__item img{  \n  display:block;\n  width:100%;\n}\n\n#uc_cover_flow_carousel_elementor_8bdd569 .flipster__item__content{\n  overflow:hidden;\n  position:relative;  \n  }\n\n#uc_cover_flow_carousel_elementor_8bdd569 .flipster__nav__item a{\n  z-index:1;\n}\n\n.ue-flip-item-title{\n  font-size:21px;\n}\n\n#uc_cover_flow_carousel_elementor_8bdd569 .ue-item-btn a{\n  text-decoration:none;\n  text-align:center;\n  transition:0.3s;\n}\n\n\n#uc_cover_flow_carousel_elementor_8bdd569 .flipster__button{\n  line-height:1em;\n  margin:0;\n}\n\n#uc_cover_flow_carousel_elementor_8bdd569 .ue-flip-item-icon{\n  line-height:1em;\n  display:inline-flex;\n  justify-content:center;\n  align-items:center;  \n}\n\n#uc_cover_flow_carousel_elementor_8bdd569 .ue-flip-item-icon svg{\n  height:1em;\n  width:1em;\n}\n\n#uc_cover_flow_carousel_elementor_8bdd569 .flipster__container, \n#uc_cover_flow_carousel_elementor_8bdd569 .flipster__item, \n#uc_cover_flow_carousel_elementor_8bdd569 .flipster__item__content{\n  transition:500ms;\n}\n\n#uc_cover_flow_carousel_elementor_8bdd569 .flipster__nav__link::after{\n  background-color:#141414;\n}\n\n#uc_cover_flow_carousel_elementor_8bdd569 .flipster__nav__item a{\n  color:#141414;\n}\n\n#uc_cover_flow_carousel_elementor_8bdd569 .flipster__nav__item--current>.flipster__nav__link{\n  color:#ffffff;\n}\n\n<\/style>\n\n<div class=\"ue-coverflow   \" id=\"uc_cover_flow_carousel_elementor_8bdd569\"  >\n  <ul class=\"flip-items uc-items-wrapper\">\n    <li class=\"ue-coverflow-item\" data-flip-title=\"Adam Kowalski\">\n\n  \n      <div class=\"ue-item-image\">\n      <a href=\"#elementor-action%3Aaction%3Dpopup%3Aopen%26settings%3DeyJpZCI6IjEyOCIsInRvZ2dsZSI6ZmFsc2V9\" >         \n          <img fetchpriority=\"high\" decoding=\"async\" src=\"https:\/\/silesiahealthacademy.blaszczykartur.pl\/wp-content\/uploads\/2025\/10\/zblizenie-blond-czlowiek-pozowanie-powaznie-768x1152.jpg\" class=\"elementor-repeater-item-b0d5d47 ue-coverflow-image\"  src=\"https:\/\/silesiahealthacademy.blaszczykartur.pl\/wp-content\/uploads\/2025\/10\/zblizenie-blond-czlowiek-pozowanie-powaznie-768x1152.jpg\" alt=\"zblizenie-blond-czlowiek-pozowanie-powaznie\" width=\"768\" height=\"1152\"> \n        \t   \n      <\/a>    <\/div>\n    \n      <div class=\"ue-flip-item-content elementor-repeater-item-b0d5d47-item-content\">\n      <div class=\"ue-flip-item-content-inside\">\n                <div class=\"ue-flip-item-title\">Adam Kowalski<\/div>        <div class=\"ue-flip-item-text\"><p>Kr\u00f3tki tekst<\/p><\/div>               \t  <div class=\"ue-item-btn\">\n                          <a href=\"#elementor-action%3Aaction%3Dpopup%3Aopen%26settings%3DeyJpZCI6IjEyOCIsInRvZ2dsZSI6ZmFsc2V9\"  class=\"\">Wi\u0119cej<\/a>\n       \t     \n          <\/div>\n                <div class=\"ue-item-template\"><\/div>\n      <\/div>\n    <\/div>\n  <\/li>\n<li class=\"ue-coverflow-item\" data-flip-title=\"Adam Kowalski\">\n\n  \n      <div class=\"ue-item-image\">\n      <a href=\"#elementor-action%3Aaction%3Dpopup%3Aopen%26settings%3DeyJpZCI6IjEyOCIsInRvZ2dsZSI6ZmFsc2V9\" >         \n          <img decoding=\"async\" src=\"https:\/\/silesiahealthacademy.blaszczykartur.pl\/wp-content\/uploads\/2025\/10\/zblizenie-blond-czlowiek-pozowanie-powaznie-768x1152.jpg\" class=\"elementor-repeater-item-5d4d042 ue-coverflow-image\"  src=\"https:\/\/silesiahealthacademy.blaszczykartur.pl\/wp-content\/uploads\/2025\/10\/zblizenie-blond-czlowiek-pozowanie-powaznie-768x1152.jpg\" alt=\"zblizenie-blond-czlowiek-pozowanie-powaznie\" width=\"768\" height=\"1152\"> \n        \t   \n      <\/a>    <\/div>\n    \n      <div class=\"ue-flip-item-content elementor-repeater-item-5d4d042-item-content\">\n      <div class=\"ue-flip-item-content-inside\">\n                <div class=\"ue-flip-item-title\">Adam Kowalski<\/div>        <div class=\"ue-flip-item-text\"><p>Kr\u00f3tki tekst<\/p><\/div>               \t  <div class=\"ue-item-btn\">\n                          <a href=\"#elementor-action%3Aaction%3Dpopup%3Aopen%26settings%3DeyJpZCI6IjEyOCIsInRvZ2dsZSI6ZmFsc2V9\"  class=\"\">Wi\u0119cej<\/a>\n       \t     \n          <\/div>\n                <div class=\"ue-item-template\"><\/div>\n      <\/div>\n    <\/div>\n  <\/li>\n<li class=\"ue-coverflow-item\" data-flip-title=\"Adam Kowalski\">\n\n  \n      <div class=\"ue-item-image\">\n      <a href=\"#elementor-action%3Aaction%3Dpopup%3Aopen%26settings%3DeyJpZCI6IjEyOCIsInRvZ2dsZSI6ZmFsc2V9\" >         \n          <img decoding=\"async\" src=\"https:\/\/silesiahealthacademy.blaszczykartur.pl\/wp-content\/uploads\/2025\/10\/zblizenie-blond-czlowiek-pozowanie-powaznie-768x1152.jpg\" class=\"elementor-repeater-item-686ac76 ue-coverflow-image\"  src=\"https:\/\/silesiahealthacademy.blaszczykartur.pl\/wp-content\/uploads\/2025\/10\/zblizenie-blond-czlowiek-pozowanie-powaznie-768x1152.jpg\" alt=\"zblizenie-blond-czlowiek-pozowanie-powaznie\" width=\"768\" height=\"1152\"> \n        \t   \n      <\/a>    <\/div>\n    \n      <div class=\"ue-flip-item-content elementor-repeater-item-686ac76-item-content\">\n      <div class=\"ue-flip-item-content-inside\">\n                <div class=\"ue-flip-item-title\">Adam Kowalski<\/div>        <div class=\"ue-flip-item-text\"><p>Kr\u00f3tki tekst<\/p><\/div>               \t  <div class=\"ue-item-btn\">\n                          <a href=\"#elementor-action%3Aaction%3Dpopup%3Aopen%26settings%3DeyJpZCI6IjEyOCIsInRvZ2dsZSI6ZmFsc2V9\"  class=\"\">Wi\u0119cej<\/a>\n       \t     \n          <\/div>\n                <div class=\"ue-item-template\"><\/div>\n      <\/div>\n    <\/div>\n  <\/li>\n<li class=\"ue-coverflow-item\" data-flip-title=\"Adam Kowalski\">\n\n  \n      <div class=\"ue-item-image\">\n      <a href=\"#elementor-action%3Aaction%3Dpopup%3Aopen%26settings%3DeyJpZCI6IjEyOCIsInRvZ2dsZSI6ZmFsc2V9\" >         \n          <img loading=\"lazy\" decoding=\"async\" src=\"https:\/\/silesiahealthacademy.blaszczykartur.pl\/wp-content\/uploads\/2025\/10\/zblizenie-blond-czlowiek-pozowanie-powaznie-768x1152.jpg\" class=\"elementor-repeater-item-56adf17 ue-coverflow-image\"  src=\"https:\/\/silesiahealthacademy.blaszczykartur.pl\/wp-content\/uploads\/2025\/10\/zblizenie-blond-czlowiek-pozowanie-powaznie-768x1152.jpg\" alt=\"zblizenie-blond-czlowiek-pozowanie-powaznie\" width=\"768\" height=\"1152\"> \n        \t   \n      <\/a>    <\/div>\n    \n      <div class=\"ue-flip-item-content elementor-repeater-item-56adf17-item-content\">\n      <div class=\"ue-flip-item-content-inside\">\n                <div class=\"ue-flip-item-title\">Adam Kowalski<\/div>        <div class=\"ue-flip-item-text\"><p>Kr\u00f3tki tekst<\/p><\/div>               \t  <div class=\"ue-item-btn\">\n                          <a href=\"#elementor-action%3Aaction%3Dpopup%3Aopen%26settings%3DeyJpZCI6IjEyOCIsInRvZ2dsZSI6ZmFsc2V9\"  class=\"\">Wi\u0119cej<\/a>\n       \t     \n          <\/div>\n                <div class=\"ue-item-template\"><\/div>\n      <\/div>\n    <\/div>\n  <\/li>\n<li class=\"ue-coverflow-item\" data-flip-title=\"Adam Kowalski\">\n\n  \n      <div class=\"ue-item-image\">\n      <a href=\"#elementor-action%3Aaction%3Dpopup%3Aopen%26settings%3DeyJpZCI6IjEyOCIsInRvZ2dsZSI6ZmFsc2V9\" >         \n          <img loading=\"lazy\" decoding=\"async\" src=\"https:\/\/silesiahealthacademy.blaszczykartur.pl\/wp-content\/uploads\/2025\/10\/zblizenie-blond-czlowiek-pozowanie-powaznie-768x1152.jpg\" class=\"elementor-repeater-item-44108e9 ue-coverflow-image\"  src=\"https:\/\/silesiahealthacademy.blaszczykartur.pl\/wp-content\/uploads\/2025\/10\/zblizenie-blond-czlowiek-pozowanie-powaznie-768x1152.jpg\" alt=\"zblizenie-blond-czlowiek-pozowanie-powaznie\" width=\"768\" height=\"1152\"> \n        \t   \n      <\/a>    <\/div>\n    \n      <div class=\"ue-flip-item-content elementor-repeater-item-44108e9-item-content\">\n      <div class=\"ue-flip-item-content-inside\">\n                <div class=\"ue-flip-item-title\">Adam Kowalski<\/div>        <div class=\"ue-flip-item-text\"><p>Kr\u00f3tki tekst<\/p><\/div>               \t  <div class=\"ue-item-btn\">\n                          <a href=\"#elementor-action%3Aaction%3Dpopup%3Aopen%26settings%3DeyJpZCI6IjEyOCIsInRvZ2dsZSI6ZmFsc2V9\"  class=\"\">Wi\u0119cej<\/a>\n       \t     \n          <\/div>\n                <div class=\"ue-item-template\"><\/div>\n      <\/div>\n    <\/div>\n  <\/li>\n\n  <\/ul>\n<\/div>\n<!-- end Coverflow Carousel -->\t\t\t\t<\/div>\n\t\t\t\t<\/div>\n\t\t\t\t\t<\/div>\n\t\t<\/div>\n\t\t\t\t\t<\/div>\n\t\t<\/section>\n\t\t\t\t<section data-particle_enable=\"false\" data-particle-mobile-disabled=\"false\" class=\"elementor-section elementor-top-section elementor-element elementor-element-dc9094c elementor-section-boxed elementor-section-height-default elementor-section-height-default\" data-id=\"dc9094c\" data-element_type=\"section\" id=\"popup\">\n\t\t\t\t\t\t<div class=\"elementor-container elementor-column-gap-default\">\n\t\t\t\t\t<div class=\"elementor-column elementor-col-100 elementor-top-column elementor-element elementor-element-53e5212\" data-id=\"53e5212\" data-element_type=\"column\">\n\t\t\t<div class=\"elementor-widget-wrap elementor-element-populated\">\n\t\t\t\t\t\t<div class=\"elementor-element elementor-element-4b68766 elementor-widget elementor-widget-heading\" data-id=\"4b68766\" data-element_type=\"widget\" data-widget_type=\"heading.default\">\n\t\t\t\t\t<h2 class=\"elementor-heading-title elementor-size-default\">popup<\/h2>\t\t\t\t<\/div>\n\t\t\t\t\t<\/div>\n\t\t<\/div>\n\t\t\t\t\t<\/div>\n\t\t<\/section>\n\t\t\t\t<\/div>\n\t\t","protected":false},"excerpt":{"rendered":"<p>VINNO Team Eksperci, kt\u00f3rzy dziel\u0105 si\u0119 do\u015bwiadczeniem. Poznaj zesp\u00f3\u0142 szkoleniowy Silesia Health Academy \u2013 specjalist\u00f3w, kt\u00f3rzy \u0142\u0105cz\u0105 pasj\u0119 do ultrasonografii [&hellip;]<\/p>\n","protected":false},"author":1,"featured_media":0,"parent":0,"menu_order":0,"comment_status":"closed","ping_status":"closed","template":"","meta":{"site-sidebar-layout":"no-sidebar","site-content-layout":"","ast-site-content-layout":"full-width-container","site-content-style":"default","site-sidebar-style":"default","ast-global-header-display":"","ast-banner-title-visibility":"","ast-main-header-display":"","ast-hfb-above-header-display":"","ast-hfb-below-header-display":"","ast-hfb-mobile-header-display":"","site-post-title":"disabled","ast-breadcrumbs-content":"","ast-featured-img":"disabled","footer-sml-layout":"","theme-transparent-header-meta":"","adv-header-id-meta":"","stick-header-meta":"","header-above-stick-meta":"","header-main-stick-meta":"","header-below-stick-meta":"","astra-migrate-meta-layouts":"default","ast-page-background-enabled":"default","ast-page-background-meta":{"desktop":{"background-color":"var(--ast-global-color-5)","background-image":"","background-repeat":"repeat","background-position":"center center","background-size":"auto","background-attachment":"scroll","background-type":"","background-media":"","overlay-type":"","overlay-color":"","overlay-opacity":"","overlay-gradient":""},"tablet":{"background-color":"","background-image":"","background-repeat":"repeat","background-position":"center center","background-size":"auto","background-attachment":"scroll","background-type":"","background-media":"","overlay-type":"","overlay-color":"","overlay-opacity":"","overlay-gradient":""},"mobile":{"background-color":"","background-image":"","background-repeat":"repeat","background-position":"center center","background-size":"auto","background-attachment":"scroll","background-type":"","background-media":"","overlay-type":"","overlay-color":"","overlay-opacity":"","overlay-gradient":""}},"ast-content-background-meta":{"desktop":{"background-color":"var(--ast-global-color-4)","background-image":"","background-repeat":"repeat","background-position":"center center","background-size":"auto","background-attachment":"scroll","background-type":"","background-media":"","overlay-type":"","overlay-color":"","overlay-opacity":"","overlay-gradient":""},"tablet":{"background-color":"var(--ast-global-color-4)","background-image":"","background-repeat":"repeat","background-position":"center center","background-size":"auto","background-attachment":"scroll","background-type":"","background-media":"","overlay-type":"","overlay-color":"","overlay-opacity":"","overlay-gradient":""},"mobile":{"background-color":"var(--ast-global-color-4)","background-image":"","background-repeat":"repeat","background-position":"center center","background-size":"auto","background-attachment":"scroll","background-type":"","background-media":"","overlay-type":"","overlay-color":"","overlay-opacity":"","overlay-gradient":""}},"footnotes":""},"class_list":["post-106","page","type-page","status-publish","hentry"],"_links":{"self":[{"href":"https:\/\/silesiahealthacademy.blaszczykartur.pl\/index.php?rest_route=\/wp\/v2\/pages\/106","targetHints":{"allow":["GET"]}}],"collection":[{"href":"https:\/\/silesiahealthacademy.blaszczykartur.pl\/index.php?rest_route=\/wp\/v2\/pages"}],"about":[{"href":"https:\/\/silesiahealthacademy.blaszczykartur.pl\/index.php?rest_route=\/wp\/v2\/types\/page"}],"author":[{"embeddable":true,"href":"https:\/\/silesiahealthacademy.blaszczykartur.pl\/index.php?rest_route=\/wp\/v2\/users\/1"}],"replies":[{"embeddable":true,"href":"https:\/\/silesiahealthacademy.blaszczykartur.pl\/index.php?rest_route=%2Fwp%2Fv2%2Fcomments&post=106"}],"version-history":[{"count":41,"href":"https:\/\/silesiahealthacademy.blaszczykartur.pl\/index.php?rest_route=\/wp\/v2\/pages\/106\/revisions"}],"predecessor-version":[{"id":169,"href":"https:\/\/silesiahealthacademy.blaszczykartur.pl\/index.php?rest_route=\/wp\/v2\/pages\/106\/revisions\/169"}],"wp:attachment":[{"href":"https:\/\/silesiahealthacademy.blaszczykartur.pl\/index.php?rest_route=%2Fwp%2Fv2%2Fmedia&parent=106"}],"curies":[{"name":"wp","href":"https:\/\/api.w.org\/{rel}","templated":true}]}}